{"id":1137,"date":"2024-08-01T08:52:36","date_gmt":"2024-08-01T08:52:36","guid":{"rendered":"https:\/\/magazines.ulbsibiu.ro\/studiasecuritatis\/?page_id=1137"},"modified":"2026-02-20T14:37:27","modified_gmt":"2026-02-20T14:37:27","slug":"board-2","status":"publish","type":"page","link":"https:\/\/magazines.ulbsibiu.ro\/studiasecuritatis\/board-2\/","title":{"rendered":"International Scientific Board"},"content":{"rendered":"\n<p>&nbsp;<\/p>\n\n\n\n<p class=\"has-text-color has-small-font-size\" style=\"color:#0041a3\"><strong><strong>Editorial Board<\/strong><\/strong><\/p>\n\n\n\n<p class=\"has-text-color\" style=\"color:#0041a3;font-size:10px\"><strong>Editor in Chief:<\/strong> Nicoleta Annemarie Munteanu&nbsp;(Lucian Blaga University of Sibiu)                         <\/p>\n\n\n\n<p class=\"has-text-color\" style=\"color:#0041a3;font-size:10px\"><strong>Deputy Editor:<\/strong>&nbsp;Gra\u021bian Lupu (Lucian Blaga University of Sibiu)<\/p>\n\n\n\n<p class=\"has-text-color\" style=\"color:#0041a3;font-size:10px\"><strong>Co-Editors<\/strong>: Marius \u0218pechea&nbsp;(Lucian Blaga University of Sibiu), Emilia Tomescu&nbsp;(Lucian Blaga University of Sibiu), Iuliana Neago\u0219&nbsp;(Lucian Blaga University of Sibiu), Mihai Melintei (Lucian Blaga University of Sibiu), Gabriel \u0218erban&nbsp;(Lucian Blaga University of Sibiu), Iulia Cr\u0103ciun (Lucian Blaga University of Sibiu)<\/p>\n\n\n\n<p class=\"has-text-color\" style=\"color:#0041a3;font-size:10px\"><strong>Web Editor<\/strong>: Cristian Dom\u0219a (Lucian Blaga University of Sibiu)<\/p>\n\n\n\n<p class=\"has-text-color has-small-font-size\" style=\"color:#0027a3\"><strong>Members of the International Scientific Board<\/strong><\/p>\n\n\n\n<ul class=\"has-text-color\" style=\"color:#002fa3;font-size:11px\"><li>Philippe Claret (University of Bordeaux)<\/li><li>Christian de Montlibert (University of Strasbourg)<\/li><li>Hubert Zimmermann (Philipps University of Marburg)<\/li><li>Teodor Frunzeti (Academy of Romanian Scientists, Bucharest)<\/li><li>Anna Moln\u00e1r (Ludovika University of Public Service, Budapest)<\/li><li>Donatella Selva (University of Florence)<\/li><li>Cristina One\u021b (Lucian Blaga University of Sibiu)<\/li><li>Zolt\u00e1n Krajnc (Ludovika University of Public Service, Budapest)<\/li><li>Dragan Trailovi\u0107 (Institute for Political Studies, Belgrade)<\/li><li>Drago\u0219 Constantin Mateescu (Romanian Diplomatic Institute)<\/li><li>Victor Moraru (Academy of Sciences, Chisinau)<\/li><li>Lucian Cioca (Lucian Blaga University of Sibiu)<\/li><li>Wafa Harrar Masmoudi (University of Carthage, Tunis)<\/li><li>Andreea Zamfira (University of Bucharest)<\/li><li>Dejan Bursa\u0107 (Institute for Political Studies, Belgrade)<\/li><li>Diana H\u00eerbu (State University of Moldova, Chisinau)<\/li><li>Leonid Litra (New Europe Center Kyiv)<\/li><li>Claudia Anamaria Iov (Babe\u015f &#8211; Bolyai University, Cluj-Napoca)<\/li><li>Mihaela Teodor (Mihai Viteazul National Intelligence Academy, Bucharest)<\/li><li>Cristian Troncot\u0103 (Lucian Blaga University of Sibiu)<\/li><li>\u00c9va Jakusne Harnos(Ludovika University of Public Service, Budapest)<\/li><li>Pavel Moraru (Lucian Blaga University of Sibiu)<\/li><li>Victor Saca (State University of Moldova, Chisinau)<\/li><li>Vasile C\u0103ru\u0163a\u015fu (Nicolae B\u0103lcescu Land Forces Academy of Sibiu)<\/li><li>Paul Brusanowski (Lucian Blaga University of Sibiu)<\/li><li>Silvia Florea (Lucian Blaga University of Sibiu)<\/li><li>Corvin Lupu (Lucian Blaga University of Sibiu, Founder of the Studia Securitatis Journal)<\/li><li>Vitaly Gamurari\u00a0(Free International University of Moldova, Chi\u0219in\u0103u)<\/li><li>Vakhtang Maisaia (Sukhishvili University, Tbilisi)<\/li><li>Alexandru Solcan (Moldova State University)<\/li><li>Anzhela Ingnatyuk (Taras Shevcenko University, Kyiv)<\/li><li>Tomasz B\u0105k (University of Information, Technology and Management of Rzes\u017aov)<\/li><li>Siegmar Schmidt (Universit\u00e4t Koblenz-Landau)<\/li><li>Jian Shi (Sichuan University)<\/li><li>Drago\u0219 Dragoman (Lucian Blaga University of Sibiu)<\/li><li>Zhanar Medeubayeva (Gumilyov Eurasian National University, Astana)<\/li><li>Ljubisa Despotovic (Institute for Political Studies, Belgrade)<\/li><li>Igor Sofronescu (Alexandru cel Bun Military Academy, Chi\u0219in\u0103u)<\/li><li>Mihai Marcel Neag (Nicolae B\u0103lcescu Land Forces Academy of Sibiu)<\/li><li>Forrest Nabors (University of Alaska, Anchorage)<\/li><li>Dan Dungaciu (University of Bucharest)<\/li><\/ul>\n\n\n\n<p><\/p>\n","protected":false},"excerpt":{"rendered":"<p>&nbsp; Editorial Board Editor in Chief: Nicoleta Annemarie Munteanu&nbsp;(Lucian Blaga University of Sibiu) Deputy Editor:&nbsp;Gra\u021bian Lupu (Lucian Blaga University of Sibiu) Co-Editors: Marius \u0218pechea&nbsp;(Lucian Blaga University of Sibiu), Emilia Tomescu&nbsp;(Lucian Blaga University of Sibiu), Iuliana Neago\u0219&nbsp;(Lucian Blaga University of Sibiu), Mihai Melintei (Lucian Blaga University of Sibiu), Gabriel \u0218erban&nbsp;(Lucian Blaga University of Sibiu), Iulia Cr\u0103ciun [&hellip;]<\/p>\n","protected":false},"author":4,"featured_media":0,"parent":0,"menu_order":0,"comment_status":"closed","ping_status":"closed","template":"","meta":[],"_links":{"self":[{"href":"https:\/\/magazines.ulbsibiu.ro\/studiasecuritatis\/wp-json\/wp\/v2\/pages\/1137"}],"collection":[{"href":"https:\/\/magazines.ulbsibiu.ro\/studiasecuritatis\/wp-json\/wp\/v2\/pages"}],"about":[{"href":"https:\/\/magazines.ulbsibiu.ro\/studiasecuritatis\/wp-json\/wp\/v2\/types\/page"}],"author":[{"embeddable":true,"href":"https:\/\/magazines.ulbsibiu.ro\/studiasecuritatis\/wp-json\/wp\/v2\/users\/4"}],"replies":[{"embeddable":true,"href":"https:\/\/magazines.ulbsibiu.ro\/studiasecuritatis\/wp-json\/wp\/v2\/comments?post=1137"}],"version-history":[{"count":35,"href":"https:\/\/magazines.ulbsibiu.ro\/studiasecuritatis\/wp-json\/wp\/v2\/pages\/1137\/revisions"}],"predecessor-version":[{"id":1900,"href":"https:\/\/magazines.ulbsibiu.ro\/studiasecuritatis\/wp-json\/wp\/v2\/pages\/1137\/revisions\/1900"}],"wp:attachment":[{"href":"https:\/\/magazines.ulbsibiu.ro\/studiasecuritatis\/wp-json\/wp\/v2\/media?parent=1137"}],"curies":[{"name":"wp","href":"https:\/\/api.w.org\/{rel}","templated":true}]}}