{"id":14,"date":"2018-04-23T20:13:26","date_gmt":"2018-04-23T20:13:26","guid":{"rendered":"http:\/\/magazines.ulbsibiu.ro\/fairplayjournal\/?page_id=14"},"modified":"2023-06-27T09:10:48","modified_gmt":"2023-06-27T09:10:48","slug":"comitetul-stiintific-al-revistei","status":"publish","type":"page","link":"https:\/\/magazines.ulbsibiu.ro\/fairplayjournal\/?page_id=14","title":{"rendered":"Scientific Committee of the Journal"},"content":{"rendered":"<p><strong>Chief Editor:<\/strong><\/p>\n<ol>\n<li>Associate professor PhD<strong><em> Marcel Pomohaci<\/em><\/strong>, Faculty of Science, University \u201eLucian Blaga\u201d Sibiu<\/li>\n<\/ol>\n<p><span style=\"color: #000000;\"><strong>Chief Editor (english language):<\/strong><\/span><\/p>\n<ol>\n<li>Lecturer PhD<strong><em> Ioan Sabin Sopa<\/em><\/strong> <span style=\"color: #000000;\">Faculty of Science, University \u201eLucian Blaga\u201d Sibiu<\/span><\/li>\n<\/ol>\n<p><strong>Chief Editor (romanian language)<br \/>\n<\/strong><\/p>\n<ol>\n<li>Lecturer PhD<em> <strong>Iulian Stoian<\/strong>, <\/em>Domain coordinator of\u00a0 Physical Education and Sport,\u00a0 University \u201eLucian Blaga\u201d Sibiu<\/li>\n<\/ol>\n<p><strong>Executive Editors: <\/strong><\/p>\n<ol>\n<li>Lecturer PhD<strong><em> Olimpiu Savu<\/em><\/strong><em>, <\/em>Faculty of Science, University \u201eLucian Blaga\u201d Sibiu<\/li>\n<li>Lecturer PhD<strong><em> Alexandru Hulpu\u015f<\/em><\/strong><em>, <\/em>Faculty of Science, University \u201eLucian Blaga\u201d Sibiu<\/li>\n<li>Lecturer PhD<em> <strong><em style=\"font-weight: 400;\"><strong>Ioan Hasmasan<\/strong><\/em><\/strong>, <\/em>Faculty of Science, University \u201eLucian Blaga\u201d Sibiu<\/li>\n<\/ol>\n<p><strong>Editor Secretaries:<\/strong><\/p>\n<ol>\n<li>Associate professor PhD<strong><em> Delia B\u0103descu<\/em><\/strong>, Faculty of Science, University \u201eLucian Blaga\u201d Sibiu<\/li>\n<li>Lecturer PhD <strong><em>Nicoleta Zaharie<\/em><\/strong><em>, <\/em>Faculty of Science, University \u201eLucian Blaga\u201d Sibiu<\/li>\n<li>Lecturer PhD<strong><em> Constantin Achim<\/em><\/strong><em>, <\/em>Faculty of Science, University \u201eLucian Blaga\u201d Sibiu<\/li>\n<\/ol>\n<p><strong>Members of the editorial staff:<\/strong><\/p>\n<ol>\n<li>Associate professor PhD<strong><em> Marcel Pomohaci<\/em><\/strong>, Faculty of Science, University \u201eLucian Blaga\u201d Sibiu<\/li>\n<li>Associate professor PhD<strong><em> Delia B\u0103descu<\/em><\/strong>, Faculty of Science, University \u201eLucian Blaga\u201d Sibiu<\/li>\n<li>Lecturer PhD<strong><em> Nicoleta Zaharie<\/em><\/strong><em>, <\/em>Faculty of Science, University \u201eLucian Blaga\u201d Sibiu<\/li>\n<li>Lecturer PhD<strong><em> Raul Todor<\/em><\/strong><em>, <\/em>Faculty of Science, University \u201eLucian Blaga\u201d Sibiu<\/li>\n<li>Lecturer PhD<strong><em> Alexandru Hulpu\u015f<\/em><\/strong><em>, <\/em>Faculty of Science, University \u201eLucian Blaga\u201d Sibiu<\/li>\n<li>Lecturer PhD<strong><em> Lucian Burchel<\/em><\/strong><em>, <\/em>Faculty of Science, University \u201eLucian Blaga\u201d Sibiu<\/li>\n<li>Lecturer PhD<strong><em> <strong style=\"font-style: normal;\"><em>Constantin <\/em><\/strong>Achim<\/em><\/strong><em>, <\/em>Faculty of Science, University \u201eLucian Blaga\u201d Sibiu<\/li>\n<li>Lecturer PhD<strong><em> Ionu\u0163 H\u0103\u015fm\u0103\u015fan<\/em><\/strong><em>, <\/em>Faculty of Science, University \u201eLucian Blaga\u201d Sibiu<\/li>\n<li>Lecturer PhD<strong><em> Olimpiu Savu<\/em><\/strong><em>, <\/em>Faculty of Science, University \u201eLucian Blaga\u201d Sibiu<\/li>\n<li>Lecturer PhD<strong><em> Ioan Sabin Sopa<\/em><\/strong> Faculty of Science, University \u201eLucian Blaga\u201d Sibiu<\/li>\n<li>Asitent doctorand<strong><em> Sandu Vlad Antonius<\/em><\/strong> Faculty of Science, University \u201eLucian Blaga\u201d Sibiu<\/li>\n<li>Asitent PhD<strong><em> Turcu Dionisie Vladimir<\/em><\/strong> Faculty of Science, University \u201eLucian Blaga\u201d Sibiu<\/li>\n<\/ol>\n<p><strong>Members of the Scientific Committee (reviewers \/ scientific reviewers): <\/strong><\/p>\n<ol>\n<li>Professor PhD <strong><em>Carmen Ene-Voiculescu<\/em><\/strong><em>,<\/em> Faculty of Physical Education and Sport, Universitatea \u201eOvidius\u201d din\u00a0 Constan\u0163a<\/li>\n<li>Professor PhD <strong><em>Alin Larion<\/em><\/strong><em>,<\/em> Faculty of Physical Education and Sport, University \u201eOvidius\u201d Constan\u0163a<\/li>\n<li>Associate professor PhD<strong><em> Ab\u0103la\u015fei Beatrice<\/em><\/strong><em>,<\/em> Dean of Faculty of Physical Education and Sport,\u00a0 University \u201cAlexandru Ioan Cuza<\/li>\n<li>Associate professor PhD<strong><em> Leon Gombos<\/em><\/strong>, Decan\u00a0 of Faculty of Physical Education and Sport, University Babes-Bolyai\u00a0, Cluj-Napoca<\/li>\n<li>Associate professor PhD <strong><em>Florin Sofonea<\/em><\/strong><em>, <\/em>Vice Dean of Faculty of Science, University ,, Lucian Blaga\u201d Sibiu<\/li>\n<li>Professor PhD Commander <strong><em>Virgil Ene-Voiculescu<\/em><\/strong><em>,<\/em> Vice Rector of research and President of the Senate, Naval Academy ,,Mircea cel B\u0103tr\u00e2n\u201d Constan\u0163a<\/li>\n<li>Professor PhD col<strong>. <em>Robert St\u0103nciulescu<\/em><\/strong>, Deputy Commander, Land Force Academy Sibiu<\/li>\n<li>Professor PhD col<strong>. <em>Vasile C\u0103ru\u021ba\u0219u<\/em><\/strong>, Vice Rector for international relationships, Land Force Academy Sibiu<\/li>\n<li>Professor PhD col. <strong><em>Leontin Stanciu<\/em><\/strong>, Director of the Post university school, Land Force Academy Sibiu<\/li>\n<li>Assistant of scientific research PhD <strong><em>Gabriel M\u0103nescu<\/em><\/strong>, Land Force Academy Sibiu<\/li>\n<li>Lecturer PhD <strong><em>Dan Alexandru Szabo, <\/em><\/strong>UMFST T\u00e2rgu Mure\u015f<\/li>\n<li>Lecturer PhD<strong><em> Ivanescu Adrian, <\/em><\/strong>UMFST T\u00e2rgu Mure\u015f<\/li>\n<li>Lecturer PhD <strong><em>Trambitas Cristian, <\/em><\/strong>UMFST T\u00e2rgu Mure\u015f<\/li>\n<li>Lecturer PhD<strong><em> Alexandru Gabriel Petrovici<\/em><\/strong> University &#8220;1 Decembrie 1918&#8221; Alba Iulia.<\/li>\n<\/ol>\n","protected":false},"excerpt":{"rendered":"<p>Chief Editor: Associate professor PhD Marcel Pomohaci, Faculty of Science, University \u201eLucian Blaga\u201d Sibiu Chief Editor (english language): Lecturer PhD Ioan Sabin Sopa Faculty of Science, University \u201eLucian Blaga\u201d Sibiu Chief Editor (romanian language) Lecturer PhD Iulian Stoian, Domain coordinator &hellip; <a href=\"https:\/\/magazines.ulbsibiu.ro\/fairplayjournal\/?page_id=14\">Continue reading <span class=\"meta-nav\">&rarr;<\/span><\/a><\/p>\n","protected":false},"author":1,"featured_media":0,"parent":0,"menu_order":0,"comment_status":"closed","ping_status":"closed","template":"","meta":[],"_links":{"self":[{"href":"https:\/\/magazines.ulbsibiu.ro\/fairplayjournal\/index.php?rest_route=\/wp\/v2\/pages\/14"}],"collection":[{"href":"https:\/\/magazines.ulbsibiu.ro\/fairplayjournal\/index.php?rest_route=\/wp\/v2\/pages"}],"about":[{"href":"https:\/\/magazines.ulbsibiu.ro\/fairplayjournal\/index.php?rest_route=\/wp\/v2\/types\/page"}],"author":[{"embeddable":true,"href":"https:\/\/magazines.ulbsibiu.ro\/fairplayjournal\/index.php?rest_route=\/wp\/v2\/users\/1"}],"replies":[{"embeddable":true,"href":"https:\/\/magazines.ulbsibiu.ro\/fairplayjournal\/index.php?rest_route=%2Fwp%2Fv2%2Fcomments&post=14"}],"version-history":[{"count":16,"href":"https:\/\/magazines.ulbsibiu.ro\/fairplayjournal\/index.php?rest_route=\/wp\/v2\/pages\/14\/revisions"}],"predecessor-version":[{"id":246,"href":"https:\/\/magazines.ulbsibiu.ro\/fairplayjournal\/index.php?rest_route=\/wp\/v2\/pages\/14\/revisions\/246"}],"wp:attachment":[{"href":"https:\/\/magazines.ulbsibiu.ro\/fairplayjournal\/index.php?rest_route=%2Fwp%2Fv2%2Fmedia&parent=14"}],"curies":[{"name":"wp","href":"https:\/\/api.w.org\/{rel}","templated":true}]}}